{"id":732,"date":"2021-07-15T19:46:02","date_gmt":"2021-07-15T22:46:02","guid":{"rendered":"https:\/\/epedralli.com.br\/Volpato\/?page_id=732"},"modified":"2025-01-27T15:28:39","modified_gmt":"2025-01-27T18:28:39","slug":"projetos-esportivos","status":"publish","type":"page","link":"https:\/\/luizvolpato.com\/es\/projetos\/projetos-esportivos\/","title":{"rendered":"Proyectos deportivos"},"content":{"rendered":"","protected":false},"excerpt":{"rendered":"","protected":false},"author":1,"featured_media":812,"parent":56,"menu_order":0,"comment_status":"closed","ping_status":"closed","template":"Template_Projetos-Comerciais.php","meta":{"_acf_changed":false,"footnotes":""},"class_list":["post-732","page","type-page","status-publish","has-post-thumbnail","hentry"],"acf":[],"yoast_head":"<!-- This site is optimized with the Yoast SEO plugin v25.4 - https:\/\/yoast.com\/wordpress\/plugins\/seo\/ -->\n<title>Arquitetura Esportiva - Luiz Volpato Arquitetura<\/title>\n<meta name=\"description\" content=\"Fique por dentro dos projetos de arquitetura esportiva realizados com maestria pela Luiz Volpato Arquitetura!\" \/>\n<meta name=\"robots\" content=\"index, follow, max-snippet:-1, max-image-preview:large, max-video-preview:-1\" \/>\n<link rel=\"canonical\" href=\"https:\/\/luizvolpato.com\/es\/projetos\/projetos-esportivos\/\" \/>\n<meta property=\"og:locale\" content=\"es_ES\" \/>\n<meta property=\"og:type\" content=\"article\" \/>\n<meta property=\"og:title\" content=\"Arquitetura Esportiva - Luiz Volpato Arquitetura\" \/>\n<meta property=\"og:description\" content=\"Fique por dentro dos projetos de arquitetura esportiva realizados com maestria pela Luiz Volpato Arquitetura!\" \/>\n<meta property=\"og:url\" content=\"https:\/\/luizvolpato.com\/es\/projetos\/projetos-esportivos\/\" \/>\n<meta property=\"og:site_name\" content=\"Luiz Volpato Arquitetura\" \/>\n<meta property=\"article:modified_time\" content=\"2025-01-27T18:28:39+00:00\" \/>\n<meta property=\"og:image\" content=\"https:\/\/luizvolpato.com\/wp-content\/uploads\/2021\/07\/20141012_arena_00058-5-1.jpg\" \/>\n\t<meta property=\"og:image:width\" content=\"1920\" \/>\n\t<meta property=\"og:image:height\" content=\"200\" \/>\n\t<meta property=\"og:image:type\" content=\"image\/jpeg\" \/>\n<meta name=\"twitter:card\" content=\"summary_large_image\" \/>\n<meta name=\"twitter:label1\" content=\"Tiempo de lectura\" \/>\n\t<meta name=\"twitter:data1\" content=\"1 minuto\" \/>\n<script type=\"application\/ld+json\" class=\"yoast-schema-graph\">{\"@context\":\"https:\/\/schema.org\",\"@graph\":[{\"@type\":\"WebPage\",\"@id\":\"https:\/\/luizvolpato.com\/projetos\/projetos-esportivos\/\",\"url\":\"https:\/\/luizvolpato.com\/projetos\/projetos-esportivos\/\",\"name\":\"Arquitetura Esportiva - Luiz Volpato Arquitetura\",\"isPartOf\":{\"@id\":\"https:\/\/luizvolpato.com\/#website\"},\"primaryImageOfPage\":{\"@id\":\"https:\/\/luizvolpato.com\/projetos\/projetos-esportivos\/#primaryimage\"},\"image\":{\"@id\":\"https:\/\/luizvolpato.com\/projetos\/projetos-esportivos\/#primaryimage\"},\"thumbnailUrl\":\"https:\/\/luizvolpato.com\/wp-content\/uploads\/2021\/07\/20141012_arena_00058-5-1.jpg\",\"datePublished\":\"2021-07-15T22:46:02+00:00\",\"dateModified\":\"2025-01-27T18:28:39+00:00\",\"description\":\"Fique por dentro dos projetos de arquitetura esportiva realizados com maestria pela Luiz Volpato Arquitetura!\",\"breadcrumb\":{\"@id\":\"https:\/\/luizvolpato.com\/projetos\/projetos-esportivos\/#breadcrumb\"},\"inLanguage\":\"es\",\"potentialAction\":[{\"@type\":\"ReadAction\",\"target\":[\"https:\/\/luizvolpato.com\/projetos\/projetos-esportivos\/\"]}]},{\"@type\":\"ImageObject\",\"inLanguage\":\"es\",\"@id\":\"https:\/\/luizvolpato.com\/projetos\/projetos-esportivos\/#primaryimage\",\"url\":\"https:\/\/luizvolpato.com\/wp-content\/uploads\/2021\/07\/20141012_arena_00058-5-1.jpg\",\"contentUrl\":\"https:\/\/luizvolpato.com\/wp-content\/uploads\/2021\/07\/20141012_arena_00058-5-1.jpg\",\"width\":1920,\"height\":200,\"caption\":\"A imagem mostra um c\u00e9u azul claro cercado por partes de duas estruturas de a\u00e7o de cada lado. Ambas as estruturas possuem vigas met\u00e1licas e plataformas que se estendem para dentro da moldura a partir das bordas esquerda e direita, com o c\u00e9u aberto dominando o centro da vista. - Luiz Volpato Arquitetura\"},{\"@type\":\"BreadcrumbList\",\"@id\":\"https:\/\/luizvolpato.com\/projetos\/projetos-esportivos\/#breadcrumb\",\"itemListElement\":[{\"@type\":\"ListItem\",\"position\":1,\"name\":\"In\u00edcio\",\"item\":\"https:\/\/luizvolpato.com\/\"},{\"@type\":\"ListItem\",\"position\":2,\"name\":\"Projetos\",\"item\":\"https:\/\/luizvolpato.com\/projetos\/\"},{\"@type\":\"ListItem\",\"position\":3,\"name\":\"Projetos Esportivos\"}]},{\"@type\":\"WebSite\",\"@id\":\"https:\/\/luizvolpato.com\/#website\",\"url\":\"https:\/\/luizvolpato.com\/\",\"name\":\"Luiz Volpato Arquitetura\",\"description\":\"\",\"potentialAction\":[{\"@type\":\"SearchAction\",\"target\":{\"@type\":\"EntryPoint\",\"urlTemplate\":\"https:\/\/luizvolpato.com\/?s={search_term_string}\"},\"query-input\":{\"@type\":\"PropertyValueSpecification\",\"valueRequired\":true,\"valueName\":\"search_term_string\"}}],\"inLanguage\":\"es\"}]}<\/script>\n<!-- \/ Yoast SEO plugin. -->","yoast_head_json":{"title":"Arquitetura Esportiva - Luiz Volpato Arquitetura","description":"Fique por dentro dos projetos de arquitetura esportiva realizados com maestria pela Luiz Volpato Arquitetura!","robots":{"index":"index","follow":"follow","max-snippet":"max-snippet:-1","max-image-preview":"max-image-preview:large","max-video-preview":"max-video-preview:-1"},"canonical":"https:\/\/luizvolpato.com\/es\/projetos\/projetos-esportivos\/","og_locale":"es_ES","og_type":"article","og_title":"Arquitetura Esportiva - Luiz Volpato Arquitetura","og_description":"Fique por dentro dos projetos de arquitetura esportiva realizados com maestria pela Luiz Volpato Arquitetura!","og_url":"https:\/\/luizvolpato.com\/es\/projetos\/projetos-esportivos\/","og_site_name":"Luiz Volpato Arquitetura","article_modified_time":"2025-01-27T18:28:39+00:00","og_image":[{"width":1920,"height":200,"url":"https:\/\/luizvolpato.com\/wp-content\/uploads\/2021\/07\/20141012_arena_00058-5-1.jpg","type":"image\/jpeg"}],"twitter_card":"summary_large_image","twitter_misc":{"Tiempo de lectura":"1 minuto"},"schema":{"@context":"https:\/\/schema.org","@graph":[{"@type":"WebPage","@id":"https:\/\/luizvolpato.com\/projetos\/projetos-esportivos\/","url":"https:\/\/luizvolpato.com\/projetos\/projetos-esportivos\/","name":"Arquitetura Esportiva - Luiz Volpato Arquitetura","isPartOf":{"@id":"https:\/\/luizvolpato.com\/#website"},"primaryImageOfPage":{"@id":"https:\/\/luizvolpato.com\/projetos\/projetos-esportivos\/#primaryimage"},"image":{"@id":"https:\/\/luizvolpato.com\/projetos\/projetos-esportivos\/#primaryimage"},"thumbnailUrl":"https:\/\/luizvolpato.com\/wp-content\/uploads\/2021\/07\/20141012_arena_00058-5-1.jpg","datePublished":"2021-07-15T22:46:02+00:00","dateModified":"2025-01-27T18:28:39+00:00","description":"Fique por dentro dos projetos de arquitetura esportiva realizados com maestria pela Luiz Volpato Arquitetura!","breadcrumb":{"@id":"https:\/\/luizvolpato.com\/projetos\/projetos-esportivos\/#breadcrumb"},"inLanguage":"es","potentialAction":[{"@type":"ReadAction","target":["https:\/\/luizvolpato.com\/projetos\/projetos-esportivos\/"]}]},{"@type":"ImageObject","inLanguage":"es","@id":"https:\/\/luizvolpato.com\/projetos\/projetos-esportivos\/#primaryimage","url":"https:\/\/luizvolpato.com\/wp-content\/uploads\/2021\/07\/20141012_arena_00058-5-1.jpg","contentUrl":"https:\/\/luizvolpato.com\/wp-content\/uploads\/2021\/07\/20141012_arena_00058-5-1.jpg","width":1920,"height":200,"caption":"A imagem mostra um c\u00e9u azul claro cercado por partes de duas estruturas de a\u00e7o de cada lado. Ambas as estruturas possuem vigas met\u00e1licas e plataformas que se estendem para dentro da moldura a partir das bordas esquerda e direita, com o c\u00e9u aberto dominando o centro da vista. - Luiz Volpato Arquitetura"},{"@type":"BreadcrumbList","@id":"https:\/\/luizvolpato.com\/projetos\/projetos-esportivos\/#breadcrumb","itemListElement":[{"@type":"ListItem","position":1,"name":"In\u00edcio","item":"https:\/\/luizvolpato.com\/"},{"@type":"ListItem","position":2,"name":"Projetos","item":"https:\/\/luizvolpato.com\/projetos\/"},{"@type":"ListItem","position":3,"name":"Projetos Esportivos"}]},{"@type":"WebSite","@id":"https:\/\/luizvolpato.com\/#website","url":"https:\/\/luizvolpato.com\/","name":"Luiz Volpato Arquitetura","description":"","potentialAction":[{"@type":"SearchAction","target":{"@type":"EntryPoint","urlTemplate":"https:\/\/luizvolpato.com\/?s={search_term_string}"},"query-input":{"@type":"PropertyValueSpecification","valueRequired":true,"valueName":"search_term_string"}}],"inLanguage":"es"}]}},"_links":{"self":[{"href":"https:\/\/luizvolpato.com\/es\/wp-json\/wp\/v2\/pages\/732","targetHints":{"allow":["GET"]}}],"collection":[{"href":"https:\/\/luizvolpato.com\/es\/wp-json\/wp\/v2\/pages"}],"about":[{"href":"https:\/\/luizvolpato.com\/es\/wp-json\/wp\/v2\/types\/page"}],"author":[{"embeddable":true,"href":"https:\/\/luizvolpato.com\/es\/wp-json\/wp\/v2\/users\/1"}],"replies":[{"embeddable":true,"href":"https:\/\/luizvolpato.com\/es\/wp-json\/wp\/v2\/comments?post=732"}],"version-history":[{"count":1,"href":"https:\/\/luizvolpato.com\/es\/wp-json\/wp\/v2\/pages\/732\/revisions"}],"predecessor-version":[{"id":2615,"href":"https:\/\/luizvolpato.com\/es\/wp-json\/wp\/v2\/pages\/732\/revisions\/2615"}],"up":[{"embeddable":true,"href":"https:\/\/luizvolpato.com\/es\/wp-json\/wp\/v2\/pages\/56"}],"wp:featuredmedia":[{"embeddable":true,"href":"https:\/\/luizvolpato.com\/es\/wp-json\/wp\/v2\/media\/812"}],"wp:attachment":[{"href":"https:\/\/luizvolpato.com\/es\/wp-json\/wp\/v2\/media?parent=732"}],"curies":[{"name":"wp","href":"https:\/\/api.w.org\/{rel}","templated":true}]}}