{"id":8,"date":"2021-01-25T11:48:53","date_gmt":"2021-01-25T14:48:53","guid":{"rendered":"http:\/\/localhost\/volpato\/?page_id=6"},"modified":"2022-11-22T13:31:55","modified_gmt":"2022-11-22T16:31:55","slug":"home","status":"publish","type":"page","link":"https:\/\/luizvolpato.com\/en\/","title":{"rendered":"Home"},"content":{"rendered":"","protected":false},"excerpt":{"rendered":"","protected":false},"author":1,"featured_media":0,"parent":0,"menu_order":0,"comment_status":"closed","ping_status":"closed","template":"Template-Home.php","meta":{"_acf_changed":false,"footnotes":""},"class_list":["post-8","page","type-page","status-publish","hentry"],"acf":[],"yoast_head":"<!-- This site is optimized with the Yoast SEO plugin v25.4 - https:\/\/yoast.com\/wordpress\/plugins\/seo\/ -->\n<title>Home - Luiz Volpato Arquitetura<\/title>\n<meta name=\"description\" content=\"Para projetar e entregar melhoria de vida e sermos reconhecidos como livres criadores de solu\u00e7\u00f5es confi\u00e1veis e eficazes.\" \/>\n<meta name=\"robots\" content=\"index, follow, max-snippet:-1, max-image-preview:large, max-video-preview:-1\" \/>\n<link rel=\"canonical\" href=\"https:\/\/luizvolpato.com\/en\/\" \/>\n<meta property=\"og:locale\" content=\"en_US\" \/>\n<meta property=\"og:type\" content=\"article\" \/>\n<meta property=\"og:title\" content=\"Home - Luiz Volpato Arquitetura\" \/>\n<meta property=\"og:description\" content=\"Para projetar e entregar melhoria de vida e sermos reconhecidos como livres criadores de solu\u00e7\u00f5es confi\u00e1veis e eficazes.\" \/>\n<meta property=\"og:url\" content=\"https:\/\/luizvolpato.com\/en\/\" \/>\n<meta property=\"og:site_name\" content=\"Luiz Volpato Arquitetura\" \/>\n<meta property=\"article:modified_time\" content=\"2022-11-22T16:31:55+00:00\" \/>\n<meta name=\"twitter:card\" content=\"summary_large_image\" \/>\n<script type=\"application\/ld+json\" class=\"yoast-schema-graph\">{\"@context\":\"https:\/\/schema.org\",\"@graph\":[{\"@type\":\"WebPage\",\"@id\":\"https:\/\/luizvolpato.com\/\",\"url\":\"https:\/\/luizvolpato.com\/\",\"name\":\"Home - Luiz Volpato Arquitetura\",\"isPartOf\":{\"@id\":\"https:\/\/luizvolpato.com\/#website\"},\"datePublished\":\"2021-01-25T14:48:53+00:00\",\"dateModified\":\"2022-11-22T16:31:55+00:00\",\"description\":\"Para projetar e entregar melhoria de vida e sermos reconhecidos como livres criadores de solu\u00e7\u00f5es confi\u00e1veis e eficazes.\",\"breadcrumb\":{\"@id\":\"https:\/\/luizvolpato.com\/#breadcrumb\"},\"inLanguage\":\"en-US\",\"potentialAction\":[{\"@type\":\"ReadAction\",\"target\":[\"https:\/\/luizvolpato.com\/\"]}]},{\"@type\":\"BreadcrumbList\",\"@id\":\"https:\/\/luizvolpato.com\/#breadcrumb\",\"itemListElement\":[{\"@type\":\"ListItem\",\"position\":1,\"name\":\"In\u00edcio\",\"item\":\"https:\/\/luizvolpato.com\/\"},{\"@type\":\"ListItem\",\"position\":2,\"name\":\"Home\"}]},{\"@type\":\"WebSite\",\"@id\":\"https:\/\/luizvolpato.com\/#website\",\"url\":\"https:\/\/luizvolpato.com\/\",\"name\":\"Luiz Volpato Arquitetura\",\"description\":\"\",\"potentialAction\":[{\"@type\":\"SearchAction\",\"target\":{\"@type\":\"EntryPoint\",\"urlTemplate\":\"https:\/\/luizvolpato.com\/?s={search_term_string}\"},\"query-input\":{\"@type\":\"PropertyValueSpecification\",\"valueRequired\":true,\"valueName\":\"search_term_string\"}}],\"inLanguage\":\"en-US\"}]}<\/script>\n<!-- \/ Yoast SEO plugin. -->","yoast_head_json":{"title":"Home - Luiz Volpato Arquitetura","description":"Para projetar e entregar melhoria de vida e sermos reconhecidos como livres criadores de solu\u00e7\u00f5es confi\u00e1veis e eficazes.","robots":{"index":"index","follow":"follow","max-snippet":"max-snippet:-1","max-image-preview":"max-image-preview:large","max-video-preview":"max-video-preview:-1"},"canonical":"https:\/\/luizvolpato.com\/en\/","og_locale":"en_US","og_type":"article","og_title":"Home - Luiz Volpato Arquitetura","og_description":"Para projetar e entregar melhoria de vida e sermos reconhecidos como livres criadores de solu\u00e7\u00f5es confi\u00e1veis e eficazes.","og_url":"https:\/\/luizvolpato.com\/en\/","og_site_name":"Luiz Volpato Arquitetura","article_modified_time":"2022-11-22T16:31:55+00:00","twitter_card":"summary_large_image","schema":{"@context":"https:\/\/schema.org","@graph":[{"@type":"WebPage","@id":"https:\/\/luizvolpato.com\/","url":"https:\/\/luizvolpato.com\/","name":"Home - Luiz Volpato Arquitetura","isPartOf":{"@id":"https:\/\/luizvolpato.com\/#website"},"datePublished":"2021-01-25T14:48:53+00:00","dateModified":"2022-11-22T16:31:55+00:00","description":"Para projetar e entregar melhoria de vida e sermos reconhecidos como livres criadores de solu\u00e7\u00f5es confi\u00e1veis e eficazes.","breadcrumb":{"@id":"https:\/\/luizvolpato.com\/#breadcrumb"},"inLanguage":"en-US","potentialAction":[{"@type":"ReadAction","target":["https:\/\/luizvolpato.com\/"]}]},{"@type":"BreadcrumbList","@id":"https:\/\/luizvolpato.com\/#breadcrumb","itemListElement":[{"@type":"ListItem","position":1,"name":"In\u00edcio","item":"https:\/\/luizvolpato.com\/"},{"@type":"ListItem","position":2,"name":"Home"}]},{"@type":"WebSite","@id":"https:\/\/luizvolpato.com\/#website","url":"https:\/\/luizvolpato.com\/","name":"Luiz Volpato Arquitetura","description":"","potentialAction":[{"@type":"SearchAction","target":{"@type":"EntryPoint","urlTemplate":"https:\/\/luizvolpato.com\/?s={search_term_string}"},"query-input":{"@type":"PropertyValueSpecification","valueRequired":true,"valueName":"search_term_string"}}],"inLanguage":"en-US"}]}},"_links":{"self":[{"href":"https:\/\/luizvolpato.com\/en\/wp-json\/wp\/v2\/pages\/8","targetHints":{"allow":["GET"]}}],"collection":[{"href":"https:\/\/luizvolpato.com\/en\/wp-json\/wp\/v2\/pages"}],"about":[{"href":"https:\/\/luizvolpato.com\/en\/wp-json\/wp\/v2\/types\/page"}],"author":[{"embeddable":true,"href":"https:\/\/luizvolpato.com\/en\/wp-json\/wp\/v2\/users\/1"}],"replies":[{"embeddable":true,"href":"https:\/\/luizvolpato.com\/en\/wp-json\/wp\/v2\/comments?post=8"}],"version-history":[{"count":1,"href":"https:\/\/luizvolpato.com\/en\/wp-json\/wp\/v2\/pages\/8\/revisions"}],"predecessor-version":[{"id":2608,"href":"https:\/\/luizvolpato.com\/en\/wp-json\/wp\/v2\/pages\/8\/revisions\/2608"}],"wp:attachment":[{"href":"https:\/\/luizvolpato.com\/en\/wp-json\/wp\/v2\/media?parent=8"}],"curies":[{"name":"wp","href":"https:\/\/api.w.org\/{rel}","templated":true}]}}